{"id":570,"date":"2016-05-10T03:48:21","date_gmt":"2016-05-10T03:48:21","guid":{"rendered":"http:\/\/builderpress-min.inspirydemos.com\/?page_id=2"},"modified":"2024-06-12T14:05:11","modified_gmt":"2024-06-12T14:05:11","slug":"calistigimiz-sektorler","status":"publish","type":"page","link":"https:\/\/stchidrolik.com\/?page_id=570","title":{"rendered":"\u00c7al\u0131\u015ft\u0131\u011f\u0131m\u0131z Sekt\u00f6rler"},"content":{"rendered":"<p>[vc_row full_width=&#8221;stretch_row&#8221; css_animation=&#8221;fadeInUp&#8221;][vc_column][vc_separator color=&#8221;white&#8221;]<div class=\"section-heading-intro common-vc-class text-center\"><h2 style=\"color:#1a1a1a\">\u00c7ALI\u015eTI\u011eIMIZ SEKT\u00d6RLER<\/h2><p style=\"color:#808080\" class=\"section-text\">STC Hidrolik olarak faaliyet g\u00f6sterdi\u011fimiz sekt\u00f6rler!<\/p><\/div>[vc_row_inner][vc_column_inner width=&#8221;1\/2&#8243;][vc_column_text]<\/p>\n<h3 style=\"text-align: center;\"><span style=\"color: #000000;\"><strong>DEM\u0130R &amp; \u00c7EL\u0130K<\/strong><\/span><\/h3>\n<p>[\/vc_column_text][vc_separator color=&#8221;black&#8221; el_width=&#8221;40&#8243;][vc_single_image image=&#8221;610&#8243; img_size=&#8221;400&#215;300&#8243; alignment=&#8221;center&#8221;][vc_column_text]<\/p>\n<p style=\"text-align: center;\"><strong>DEM\u0130R &amp; \u00c7EL\u0130K<\/strong><br \/>\nDemir \u00c7elik sekt\u00f6r\u00fcne y\u00f6nelik \u00e7elikhane, haddehane, s\u00fcrekli d\u00f6k\u00fcm makinalar\u0131n\u0131n hidrolik pn\u00f6matik sistemlerinin projelendirilmesi, imalat, montaj ve devreye alma hizmetleri.<\/p>\n<p style=\"text-align: center;\">Boru ve Sac i\u015fleme tesislerinde hidrolik pn\u00f6matik sistemlerin projelendirilmesi, imalat, montaj ve devreye alma hizmetleri.<\/p>\n<p>[\/vc_column_text][\/vc_column_inner][vc_column_inner width=&#8221;1\/2&#8243;][vc_column_text]<\/p>\n<h3 style=\"text-align: center;\"><span style=\"color: #000000;\"><strong>VAKUM<\/strong><\/span><\/h3>\n<p>[\/vc_column_text][vc_separator color=&#8221;black&#8221; el_width=&#8221;40&#8243;][vc_single_image image=&#8221;783&#8243; img_size=&#8221;400&#215;300&#8243; alignment=&#8221;center&#8221; onclick=&#8221;custom_link&#8221; img_link_target=&#8221;_blank&#8221; link=&#8221;https:\/\/fipa.com\/en-DE\/about-fipa\/industry-focus&#8221;][vc_column_text]<\/p>\n<p style=\"text-align: center;\"><strong>VAKUM<\/strong><br \/>\nOtomotiv ve yan sanayi fabrikalar\u0131nda hidrolik pn\u00f6matik sistemlerin projelendirilmesi, imalat, montaj ve devreye alma hizmetleri.<\/p>\n<p>[\/vc_column_text][\/vc_column_inner][\/vc_row_inner][vc_row_inner][vc_column_inner width=&#8221;1\/2&#8243;][vc_column_text]<\/p>\n<h3 style=\"text-align: center;\"><span style=\"color: #000000;\"><strong>PLAST\u0130K<\/strong><\/span><\/h3>\n<p>[\/vc_column_text][vc_separator color=&#8221;black&#8221; el_width=&#8221;40&#8243;][vc_single_image image=&#8221;847&#8243; img_size=&#8221;400&#215;300&#8243; alignment=&#8221;center&#8221; onclick=&#8221;custom_link&#8221; img_link_target=&#8221;_blank&#8221; link=&#8221;https:\/\/fipa.com\/en-DE\/about-fipa\/industry-focus\/plastics&#8221;][vc_column_text]<\/p>\n<p style=\"text-align: center;\"><strong>PLAST\u0130K<\/strong><\/p>\n<p style=\"text-align: center;\">Plastik end\u00fcstrisinin gereksinimleri halihaz\u0131rda kat\u0131d\u0131r ve gelecekte daha da zorlu hale gelecektir. Artan maliyet bask\u0131s\u0131, minyat\u00fcrle\u015ftirme e\u011filimi, ek malzeme i\u015flevleri ve pazara sunma s\u00fcresinin giderek k\u0131salmas\u0131 bunun nedenlerinden sadece birka\u00e7\u0131.<\/p>\n<p>[\/vc_column_text][\/vc_column_inner][vc_column_inner width=&#8221;1\/2&#8243;][vc_column_text]<\/p>\n<h3 style=\"text-align: center;\"><span style=\"color: #000000;\"><strong>PAKETLEME<\/strong><\/span><\/h3>\n<p>[\/vc_column_text][vc_separator color=&#8221;black&#8221; el_width=&#8221;40&#8243;][vc_single_image image=&#8221;833&#8243; img_size=&#8221;400&#215;300&#8243; alignment=&#8221;center&#8221; onclick=&#8221;custom_link&#8221; img_link_target=&#8221;_blank&#8221; link=&#8221;https:\/\/fipa.com\/en-DE\/about-fipa\/industry-focus\/packaging&#8221;][vc_column_text]<\/p>\n<p style=\"text-align: center;\"><strong>PAKETLEME<\/strong><br \/>\nBir \u00fcr\u00fcn\u00fcn ambalaj\u0131na ili\u015fkin fark\u0131ndal\u0131k b\u00fcy\u00fck \u00f6l\u00e7\u00fcde de\u011fi\u015fecektir. S\u00fcrd\u00fcr\u00fclebilirlik, ambalaj sekt\u00f6r\u00fcndeki en \u00f6nemli trendlerden biridir. Y\u00fcksek geri d\u00f6n\u00fc\u015ft\u00fcr\u00fclebilirlikleri nedeniyle cam ve metal ambalaj \u00fcr\u00fcnlerinin kullan\u0131m\u0131 artacakt\u0131r.<\/p>\n<p>[\/vc_column_text][\/vc_column_inner][\/vc_row_inner][vc_row_inner][vc_column_inner width=&#8221;1\/2&#8243;][vc_column_text]<\/p>\n<h3 style=\"text-align: center;\"><span style=\"color: #000000;\"><strong>SAC METAL<br \/>\n<\/strong><\/span><\/h3>\n<p>[\/vc_column_text][vc_separator color=&#8221;black&#8221; el_width=&#8221;40&#8243;][vc_single_image image=&#8221;834&#8243; img_size=&#8221;400&#215;300&#8243; alignment=&#8221;center&#8221; onclick=&#8221;custom_link&#8221; img_link_target=&#8221;_blank&#8221; link=&#8221;https:\/\/fipa.com\/en-DE\/about-fipa\/industry-focus\/sheet-metal&#8221;][vc_column_text]<\/p>\n<p style=\"text-align: center;\"><strong>SAC METAL<br \/>\n<\/strong><\/p>\n<p style=\"text-align: center;\">Y\u00fcksek kalite, tasar\u0131m, i\u015flevsellik ve uzun kullan\u0131m \u00f6mr\u00fc &#8211; metal ve sac metal \u00fcr\u00fcnlerden beklentiler giderek art\u0131yor. \u00dcr\u00fcnler, yap\u0131sal b\u00fct\u00fcnl\u00fck korunurken minimum a\u011f\u0131rl\u0131kla uygun maliyetli bir \u015fekilde \u00fcretilmelidir.<\/p>\n<p>[\/vc_column_text][\/vc_column_inner][vc_column_inner width=&#8221;1\/2&#8243;][vc_column_text]<\/p>\n<h3 style=\"text-align: center;\"><span style=\"color: #000000;\"><strong>GENEL END\u00dcSTR\u0130<br \/>\n<\/strong><\/span><\/h3>\n<p>[\/vc_column_text][vc_separator color=&#8221;black&#8221; el_width=&#8221;40&#8243;][vc_single_image image=&#8221;835&#8243; img_size=&#8221;400&#215;300&#8243; alignment=&#8221;center&#8221; onclick=&#8221;custom_link&#8221; img_link_target=&#8221;_blank&#8221; link=&#8221;https:\/\/fipa.com\/en-DE\/about-fipa\/industry-focus\/general-industries&#8221;][vc_column_text]<\/p>\n<p style=\"text-align: center;\"><strong>GENEL END\u00dcSTR\u0130<\/strong><br \/>\nOtomasyon gereksinimleriniz plastik, sac metal ve ambalaj alanlar\u0131n\u0131n d\u0131\u015f\u0131nda m\u0131 kal\u0131yor? Hi\u00e7 sorun de\u011fil. General Industries ekibimiz t\u00fcm m\u00fc\u015fterilerimize \u00fcr\u00fcnlerimizi verimli ve hedefe y\u00f6nelik bir \u015fekilde kullanmalar\u0131 konusunda tavsiyelerde bulunabilir ve destek sa\u011flayabilir.<\/p>\n<p>[\/vc_column_text][\/vc_column_inner][\/vc_row_inner][vc_row_inner][vc_column_inner width=&#8221;1\/2&#8243;][vc_column_text]<\/p>\n<h3 style=\"text-align: center;\"><span style=\"color: #000000;\"><strong>PRES TEKNOLOJ\u0130LER\u0130<\/strong><\/span><\/h3>\n<p>[\/vc_column_text][vc_separator color=&#8221;black&#8221; el_width=&#8221;60&#8243;][vc_single_image image=&#8221;612&#8243; img_size=&#8221;400&#215;300&#8243; alignment=&#8221;center&#8221;][vc_column_text]<\/p>\n<p style=\"text-align: center;\"><strong>PRES TEKNOLOJ\u0130LER\u0130<\/strong><br \/>\nEnd\u00fcstriyel uygulamalarda kullan\u0131lan \u015fekil verme preslerinin hidrolik pn\u00f6matik ve otomasyon sistemlerinin projelendirilmesi, imalat\u0131 ve devreye alma hizmetleri.[\/vc_column_text][\/vc_column_inner][vc_column_inner width=&#8221;1\/2&#8243;][vc_column_text]<\/p>\n<h3 style=\"text-align: center;\"><span style=\"color: #000000;\"><strong>\u00d6ZEL MAK\u0130NELER<\/strong><\/span><\/h3>\n<p>[\/vc_column_text][vc_separator color=&#8221;black&#8221; el_width=&#8221;50&#8243;][vc_single_image image=&#8221;613&#8243; img_size=&#8221;400&#215;300&#8243; alignment=&#8221;center&#8221;][vc_column_text]<\/p>\n<p style=\"text-align: center;\"><strong>\u00d6ZEL MAK\u0130NELER<\/strong><br \/>\nM\u00fc\u015fteri ihtiya\u00e7lar\u0131 do\u011frultusunda t\u00fcm sekt\u00f6rlere y\u00f6nelik \u00fcretim hat makinalar\u0131, test makinalar\u0131 imalatlar\u0131.[\/vc_column_text][\/vc_column_inner][\/vc_row_inner][\/vc_column][\/vc_row][vc_row full_width=&#8221;stretch_row_content_no_spaces&#8221;][vc_column css=&#8221;.vc_custom_1493704924330{padding-top: 0px !important;}&#8221;]<div class=\"wrapper-vc-cta common-vc-class\" ><div class=\"vc-cta-overlay\" ><\/div><div class=\"container-cta\"><div class=\"vc-wrapper-quote-box\"><div class=\"flex-item text-cta\"><h2 style=\"color:#ffffff\">Bizimle \u0130leti\u015fime Ge\u00e7in!<\/h2><p style=\"color: #d6d6d6\">T\u00fcm ileti\u015fim bilgilerimize buraya t\u0131klayarak ula\u015fabilir ve ya ileti\u015fim formumuzu doldurabilirsiniz!<\/p><\/div><div class=\"flex-item\"><a class=\"bp-button bp-button-plain\" style=\" background: #1a1a1a; color: #ffffff \" onmouseover=\"this.style.background='  #ffffff '; this.style.color=' #1a1a1a ';\"   onmouseout=\"this.style.background= ' #1a1a1a '; this.style.color = '  #ffffff ';\" href=\"http:\/\/builderpress-min.inspirydemos.com\/iletisim\/\" >\u0130LET\u0130\u015e\u0130M<\/a><\/div><\/div><\/div><\/div>[\/vc_column][\/vc_row]<\/p>\n","protected":false},"excerpt":{"rendered":"<p>[vc_row full_width=&#8221;stretch_row&#8221; css_animation=&#8221;fadeInUp&#8221;][vc_column][vc_separator color=&#8221;white&#8221;][vc_row_inner][vc_column_inner width=&#8221;1\/2&#8243;][vc_column_text] DEM\u0130R &amp; \u00c7EL\u0130K [\/vc_column_text][vc_separator color=&#8221;black&#8221; el_width=&#8221;40&#8243;][vc_single_image image=&#8221;610&#8243; img_size=&#8221;400&#215;300&#8243; alignment=&#8221;center&#8221;][vc_column_text] DEM\u0130R &amp; \u00c7EL\u0130K Demir \u00c7elik sekt\u00f6r\u00fcne&#8230;<\/p>\n","protected":false},"author":1,"featured_media":0,"parent":0,"menu_order":0,"comment_status":"closed","ping_status":"closed","template":"","meta":{"footnotes":""},"class_list":["post-570","page","type-page","status-publish","hentry"],"_links":{"self":[{"href":"https:\/\/stchidrolik.com\/index.php?rest_route=\/wp\/v2\/pages\/570","targetHints":{"allow":["GET"]}}],"collection":[{"href":"https:\/\/stchidrolik.com\/index.php?rest_route=\/wp\/v2\/pages"}],"about":[{"href":"https:\/\/stchidrolik.com\/index.php?rest_route=\/wp\/v2\/types\/page"}],"author":[{"embeddable":true,"href":"https:\/\/stchidrolik.com\/index.php?rest_route=\/wp\/v2\/users\/1"}],"replies":[{"embeddable":true,"href":"https:\/\/stchidrolik.com\/index.php?rest_route=%2Fwp%2Fv2%2Fcomments&post=570"}],"version-history":[{"count":11,"href":"https:\/\/stchidrolik.com\/index.php?rest_route=\/wp\/v2\/pages\/570\/revisions"}],"predecessor-version":[{"id":848,"href":"https:\/\/stchidrolik.com\/index.php?rest_route=\/wp\/v2\/pages\/570\/revisions\/848"}],"wp:attachment":[{"href":"https:\/\/stchidrolik.com\/index.php?rest_route=%2Fwp%2Fv2%2Fmedia&parent=570"}],"curies":[{"name":"wp","href":"https:\/\/api.w.org\/{rel}","templated":true}]}}