{"id":434,"date":"2017-05-04T05:04:28","date_gmt":"2017-05-04T05:04:28","guid":{"rendered":"http:\/\/builderpress-min.inspirydemos.com\/?page_id=434"},"modified":"2024-05-21T19:17:46","modified_gmt":"2024-05-21T19:17:46","slug":"hakkimizda","status":"publish","type":"page","link":"https:\/\/stchidrolik.com\/?page_id=434","title":{"rendered":"Hakk\u0131m\u0131zda"},"content":{"rendered":"<p>[vc_row][vc_column width=&#8221;7\/12&#8243;][vc_column_text]<\/p>\n<h2 style=\"text-align: center;\"><strong>HAKKIMIZDA<\/strong><\/h2>\n<p>[\/vc_column_text][vc_column_text]STC Hidrolik Pn\u00f6matik Makine M\u00fchendislik Ltd. \u015eti. uzman ve dinamik kadrosuyla m\u00fc\u015fterilerine ihtiya\u00e7lar\u0131 do\u011frultusunda en iyi hizmeti vermek i\u00e7in 2018 y\u0131l\u0131nda kurulmu\u015ftur.<\/p>\n<p>20 y\u0131l\u0131 a\u015fan deneyimli kadrosuyla Hidrolik, Pn\u00f6matik, Vakum, Paslanmaz, Filtrasyon ve Ba\u011flant\u0131 Elemanlar\u0131 konular\u0131nda faaliyet g\u00f6stermektedir.<br \/>\nSTC, bu konularda m\u00fchendislik, dan\u0131\u015fmanl\u0131k, sat\u0131\u015f, servis ve e\u011fitim hizmetleri vermektedir.<\/p>\n<p>Vakum ve Gripper teknolojisi uzman\u0131 Alman F\u0130PA markas\u0131n\u0131n T\u00fcrkiye Sat\u0131\u015f Distrib\u00fct\u00f6rl\u00fcn\u00fc yapmaktad\u0131r.<\/p>\n<p>Ayn\u0131 zamanda Hidrolik G\u00fc\u00e7 \u00dcniteleri, Hidrolik Kontrol Bloklar\u0131, Valf Standlar\u0131, Merkezi Ya\u011flama Sistemleri, Hidrolik Silindirler, Hidrolik ve Paslanmaz Boru Tesisat Montaj \u0130\u015fleri, Pickling Hizmetleri, Flushing Hizmetleri, Filtrasyon Hizmeti, Ya\u011f Temizlik Analizleri taraf\u0131m\u0131zca ger\u00e7ekle\u015ftirilmektedir.<\/p>\n<p>STC, deneyimli kadrosu, g\u00fc\u00e7l\u00fc m\u00fchendislik alt yap\u0131s\u0131 ile m\u00fc\u015fteri memnuniyetini en \u00fcst noktada tutmaktad\u0131r.<\/p>\n<p>STC, m\u00fc\u015fteriye h\u0131zl\u0131 ve zaman\u0131nda cevap vermek ad\u0131na 7 g\u00fcn, 24 saat hizmet vermektedir.[\/vc_column_text][\/vc_column][vc_column width=&#8221;5\/12&#8243;][vc_separator color=&#8221;black&#8221;][vc_single_image image=&#8221;825&#8243; img_size=&#8221;full&#8221;][\/vc_column][\/vc_row]<\/p>\n","protected":false},"excerpt":{"rendered":"<p>[vc_row][vc_column width=&#8221;7\/12&#8243;][vc_column_text] HAKKIMIZDA [\/vc_column_text][vc_column_text]STC Hidrolik Pn\u00f6matik Makine M\u00fchendislik Ltd. \u015eti. uzman ve dinamik kadrosuyla m\u00fc\u015fterilerine ihtiya\u00e7lar\u0131 do\u011frultusunda en iyi hizmeti&#8230;<\/p>\n","protected":false},"author":1,"featured_media":0,"parent":0,"menu_order":0,"comment_status":"closed","ping_status":"closed","template":"","meta":{"footnotes":""},"class_list":["post-434","page","type-page","status-publish","hentry"],"_links":{"self":[{"href":"https:\/\/stchidrolik.com\/index.php?rest_route=\/wp\/v2\/pages\/434","targetHints":{"allow":["GET"]}}],"collection":[{"href":"https:\/\/stchidrolik.com\/index.php?rest_route=\/wp\/v2\/pages"}],"about":[{"href":"https:\/\/stchidrolik.com\/index.php?rest_route=\/wp\/v2\/types\/page"}],"author":[{"embeddable":true,"href":"https:\/\/stchidrolik.com\/index.php?rest_route=\/wp\/v2\/users\/1"}],"replies":[{"embeddable":true,"href":"https:\/\/stchidrolik.com\/index.php?rest_route=%2Fwp%2Fv2%2Fcomments&post=434"}],"version-history":[{"count":11,"href":"https:\/\/stchidrolik.com\/index.php?rest_route=\/wp\/v2\/pages\/434\/revisions"}],"predecessor-version":[{"id":826,"href":"https:\/\/stchidrolik.com\/index.php?rest_route=\/wp\/v2\/pages\/434\/revisions\/826"}],"wp:attachment":[{"href":"https:\/\/stchidrolik.com\/index.php?rest_route=%2Fwp%2Fv2%2Fmedia&parent=434"}],"curies":[{"name":"wp","href":"https:\/\/api.w.org\/{rel}","templated":true}]}}